{"id":65,"date":"2025-11-24T14:45:52","date_gmt":"2025-11-24T14:45:52","guid":{"rendered":"https:\/\/anca671.supserv.cozmoslabs.com\/?page_id=65"},"modified":"2025-11-24T14:45:52","modified_gmt":"2025-11-24T14:45:52","slug":"test","status":"publish","type":"page","link":"https:\/\/anca671.supserv.cozmoslabs.com\/ro\/test\/","title":{"rendered":"Test"},"content":{"rendered":"<p>Soarele este steaua radiant\u0103 din centrul sistemului nostru solar, furniz\u00e2nd lumina \u0219i c\u0103ldura care fac posibil\u0103 via\u021ba pe P\u0103m\u00e2nt. Energia sa imens\u0103 este generat\u0103 prin fuziunea nuclear\u0103, un proces care transform\u0103 hidrogenul \u00een heliu \u00een ad\u00e2ncul nucleului s\u0103u.<\/p>\n\n\n\n<p>Pe l\u00e2ng\u0103 faptul c\u0103 sus\u021bine via\u021ba, soarele determin\u0103 modelele meteorologice, curen\u021bii oceanici \u0219i cre\u0219terea plantelor prin fotosintez\u0103. Ciclurile sale influen\u021beaz\u0103 clima \u0219i marcheaz\u0103 trecerea zilelor \u0219i a anotimpurilor.<\/p>\n\n\n\n<p>De\u0219i pare constant, Soarele este dinamic, cu pete solare, erup\u021bii solare \u0219i furtuni magnetice care modeleaz\u0103 mediul spa\u021bial din jurul planetei noastre. Acesta inspir\u0103 uimire \u0219i studiu \u00een \u00eentreaga lume.<\/p>\n\n\n\n<p>Influen\u021ba soarelui dep\u0103\u0219e\u0219te cu mult simpla iluminare. Atrac\u021bia sa gravita\u021bional\u0103 men\u021bine planetele, asteroizii \u0219i cometele pe orbite stabile, men\u021bin\u00e2nd structura sistemului nostru solar. Radia\u021biile solare modeleaz\u0103, de asemenea, atmosfera P\u0103m\u00e2ntului, cre\u00e2nd aurore \u00een apropierea polilor atunci c\u00e2nd particulele \u00eenc\u0103rcate interac\u021bioneaz\u0103 cu c\u00e2mpurile magnetice.<\/p>\n\n\n\n<p>Oamenii de \u0219tiin\u021b\u0103 observ\u0103 \u00een permanen\u021b\u0103 Soarele pentru a-i \u00een\u021belege comportamentul \u0219i pentru a prezice furtunile solare care ar putea perturba sateli\u021bii \u0219i re\u021belele electrice.<\/p>\n\n\n\n<p>\u00cen ciuda importan\u021bei sale, doar o mic\u0103 parte din energia sa ajunge pe P\u0103m\u00e2nt - dar acea frac\u021biune alimenteaz\u0103 vremea, clima \u0219i via\u021ba \u00eens\u0103\u0219i. Soarele r\u0103m\u00e2ne un simbol al vitalit\u0103\u021bii, re\u00eennoirii \u0219i puterii durabile a naturii.<\/p>","protected":false},"excerpt":{"rendered":"<p>The sun is the radiant star at the centre of our solar system, providing the light and warmth that make life on Earth possible. Its immense energy is generated through nuclear fusion, a process that transforms hydrogen into helium deep within its core. Beyond sustaining life, the sun drives weather patterns, ocean currents, and the [&hellip;]<\/p>","protected":false},"author":1,"featured_media":0,"parent":0,"menu_order":0,"comment_status":"closed","ping_status":"closed","template":"","meta":{"footnotes":""},"class_list":["post-65","page","type-page","status-publish","hentry"],"_links":{"self":[{"href":"https:\/\/anca671.supserv.cozmoslabs.com\/ro\/wp-json\/wp\/v2\/pages\/65","targetHints":{"allow":["GET"]}}],"collection":[{"href":"https:\/\/anca671.supserv.cozmoslabs.com\/ro\/wp-json\/wp\/v2\/pages"}],"about":[{"href":"https:\/\/anca671.supserv.cozmoslabs.com\/ro\/wp-json\/wp\/v2\/types\/page"}],"author":[{"embeddable":true,"href":"https:\/\/anca671.supserv.cozmoslabs.com\/ro\/wp-json\/wp\/v2\/users\/1"}],"replies":[{"embeddable":true,"href":"https:\/\/anca671.supserv.cozmoslabs.com\/ro\/wp-json\/wp\/v2\/comments?post=65"}],"version-history":[{"count":1,"href":"https:\/\/anca671.supserv.cozmoslabs.com\/ro\/wp-json\/wp\/v2\/pages\/65\/revisions"}],"predecessor-version":[{"id":67,"href":"https:\/\/anca671.supserv.cozmoslabs.com\/ro\/wp-json\/wp\/v2\/pages\/65\/revisions\/67"}],"wp:attachment":[{"href":"https:\/\/anca671.supserv.cozmoslabs.com\/ro\/wp-json\/wp\/v2\/media?parent=65"}],"curies":[{"name":"wp","href":"https:\/\/api.w.org\/{rel}","templated":true}]}}